{"id":3481,"date":"2023-11-01T02:41:57","date_gmt":"2023-11-01T01:41:57","guid":{"rendered":"https:\/\/www.soltisfrance.site\/quote\/"},"modified":"2025-11-21T10:29:07","modified_gmt":"2025-11-21T09:29:07","slug":"quote","status":"publish","type":"page","link":"https:\/\/soltisfrance.com\/en\/quote\/","title":{"rendered":"Quote"},"content":{"rendered":"\n<div class=\"wp-block-soltis-title section-title center\"><h2>Free online quote<\/h2><span class=\"d-line\"><\/span><\/div>\n\n<div class=\"wp-block-group container container-lg-7 contact-form\"\/>\n\n<div class=\"wp-block-group\"><div class=\"wp-block-group__inner-container is-layout-constrained wp-block-group-is-layout-constrained\"><\/div><\/div>\n\n<div class=\"wp-block-columns is-layout-flex wp-container-core-columns-is-layout-9d6595d7 wp-block-columns-is-layout-flex\">\n<div class=\"wp-block-column is-layout-flow wp-block-column-is-layout-flow\" style=\"flex-basis:25%\"><\/div>\n\n\n\n<div class=\"wp-block-column is-layout-flow wp-block-column-is-layout-flow\" style=\"flex-basis:50%\">\n<div class=\"wpcf7 no-js\" id=\"wpcf7-f3473-o1\" lang=\"fr-FR\" dir=\"ltr\" data-wpcf7-id=\"3473\">\n<div class=\"screen-reader-response\"><p role=\"status\" aria-live=\"polite\" aria-atomic=\"true\"><\/p> <ul><\/ul><\/div>\n<form action=\"\/en\/wp-json\/wp\/v2\/pages\/3481#wpcf7-f3473-o1\" method=\"post\" class=\"wpcf7-form init\" aria-label=\"Formulaire de contact\" novalidate=\"novalidate\" data-status=\"init\">\n<fieldset class=\"hidden-fields-container\"><input type=\"hidden\" name=\"_wpcf7\" value=\"3473\" \/><input type=\"hidden\" name=\"_wpcf7_version\" value=\"6.1.5\" \/><input type=\"hidden\" name=\"_wpcf7_locale\" value=\"fr_FR\" \/><input type=\"hidden\" name=\"_wpcf7_unit_tag\" value=\"wpcf7-f3473-o1\" \/><input type=\"hidden\" name=\"_wpcf7_container_post\" value=\"0\" \/><input type=\"hidden\" name=\"_wpcf7_posted_data_hash\" value=\"\" \/>\n<\/fieldset>\n<div class=\"devis-form\">\n\t<p><label for=\"nom\">Nom :<\/label><br \/>\n<i class=\"material-icons prefix\">account_circle<\/i><br \/>\n<span class=\"wpcf7-form-control-wrap\" data-name=\"nom\"><input size=\"40\" maxlength=\"400\" class=\"wpcf7-form-control wpcf7-text wpcf7-validates-as-required\" id=\"nom\" aria-required=\"true\" aria-invalid=\"false\" value=\"\" type=\"text\" name=\"nom\" \/><\/span>\n\t<\/p>\n\t<p><label for=\"prenom\">Pr\u00e9nom :<\/label><br \/>\n<i class=\"material-icons prefix\">account_box<\/i><br \/>\n<span class=\"wpcf7-form-control-wrap\" data-name=\"prenom\"><input size=\"40\" maxlength=\"400\" class=\"wpcf7-form-control wpcf7-text wpcf7-validates-as-required\" id=\"prenom\" aria-required=\"true\" aria-invalid=\"false\" value=\"\" type=\"text\" name=\"prenom\" \/><\/span>\n\t<\/p>\n\t<p><label for=\"Siret\">Num\u00e9ro SIRET si entreprise<\/label><br \/>\n<i class=\"material-icons prefix\">business<\/i><br \/>\n<span class=\"wpcf7-form-control-wrap\" data-name=\"siret\"><input class=\"wpcf7-form-control wpcf7-number wpcf7-validates-as-number\" id=\"siret\" aria-invalid=\"false\" value=\"\" type=\"number\" name=\"siret\" \/><\/span>\n\t<\/p>\n\t<p><label for=\"adresse\">Adresse postale + N\u00b0:<\/label><br \/>\n<i class=\"material-icons prefix\">home<\/i><br \/>\n<span class=\"wpcf7-form-control-wrap\" data-name=\"adresse\"><input size=\"40\" maxlength=\"400\" class=\"wpcf7-form-control wpcf7-text wpcf7-validates-as-required\" id=\"adresse\" aria-required=\"true\" aria-invalid=\"false\" value=\"\" type=\"text\" name=\"adresse\" \/><\/span>\n\t<\/p>\n\t<p><label for=\"code-postal\">Code Postal :<\/label><br \/>\n<span class=\"wpcf7-form-control-wrap\" data-name=\"code_postal\"><input class=\"wpcf7-form-control wpcf7-number wpcf7-validates-as-required wpcf7-validates-as-number\" id=\"code-postal\" aria-required=\"true\" aria-invalid=\"false\" value=\"\" type=\"number\" name=\"code_postal\" \/><\/span>\n\t<\/p>\n\t<p><label for=\"ville\">Ville :<\/label><br \/>\n<span class=\"wpcf7-form-control-wrap\" data-name=\"text-751\"><input size=\"40\" maxlength=\"400\" class=\"wpcf7-form-control wpcf7-text wpcf7-validates-as-required\" aria-required=\"true\" aria-invalid=\"false\" value=\"\" type=\"text\" name=\"text-751\" \/><\/span>\n\t<\/p>\n\t<p><label for=\"telephone\">Num\u00e9ro de T\u00e9l\u00e9phone :<\/label><br \/>\n<i class=\"material-icons prefix\">phone<\/i><br \/>\n<span class=\"wpcf7-form-control-wrap\" data-name=\"telephone\"><input size=\"40\" maxlength=\"400\" class=\"wpcf7-form-control wpcf7-tel wpcf7-validates-as-required wpcf7-text wpcf7-validates-as-tel\" id=\"telephone\" aria-required=\"true\" aria-invalid=\"false\" value=\"\" type=\"tel\" name=\"telephone\" \/><\/span>\n\t<\/p>\n\t<p><label for=\"email\">Email :<\/label><br \/>\n<i class=\"material-icons prefix\">email<\/i><br \/>\n<span class=\"wpcf7-form-control-wrap\" data-name=\"email-955\"><input size=\"40\" maxlength=\"400\" class=\"wpcf7-form-control wpcf7-email wpcf7-validates-as-required wpcf7-text wpcf7-validates-as-email\" aria-required=\"true\" aria-invalid=\"false\" value=\"\" type=\"email\" name=\"email-955\" \/><\/span>\n\t<\/p>\n\t<p>Par quels types de produits \u00eates-vous int\u00e9ress\u00e9.e ?<br \/>\n<i class=\"material-icons prefix\">solar\u00a8_power<\/i><br \/>\n<span class=\"wpcf7-form-control-wrap\" data-name=\"checkbox-3\"><span class=\"wpcf7-form-control wpcf7-checkbox three slide\"><span class=\"wpcf7-list-item first\"><input type=\"checkbox\" name=\"checkbox-3[]\" value=\"Panneaux Solaires Entreprise\" \/><span class=\"wpcf7-list-item-label\">Panneaux Solaires Entreprise<\/span><\/span><span class=\"wpcf7-list-item\"><input type=\"checkbox\" name=\"checkbox-3[]\" value=\"Carport Ombri\u00e8re Solaire\" \/><span class=\"wpcf7-list-item-label\">Carport Ombri\u00e8re Solaire<\/span><\/span><span class=\"wpcf7-list-item\"><input type=\"checkbox\" name=\"checkbox-3[]\" value=\"Bornes de Recharges\" \/><span class=\"wpcf7-list-item-label\">Bornes de Recharges<\/span><\/span><span class=\"wpcf7-list-item\"><input type=\"checkbox\" name=\"checkbox-3[]\" value=\"Batterie\" \/><span class=\"wpcf7-list-item-label\">Batterie<\/span><\/span><span class=\"wpcf7-list-item\"><input type=\"checkbox\" name=\"checkbox-3[]\" value=\"\u00c9clairage Led\" \/><span class=\"wpcf7-list-item-label\">\u00c9clairage Led<\/span><\/span><span class=\"wpcf7-list-item last\"><input type=\"checkbox\" name=\"checkbox-3[]\" value=\"Panneaux Solaires R\u00e9sidentiel\" \/><span class=\"wpcf7-list-item-label\">Panneaux Solaires R\u00e9sidentiel<\/span><\/span><\/span><\/span>\n\t<\/p>\n\t<p><label for=\"estimation-chiffre\">Estimation chiffr\u00e9 de votre consommation d'\u00e9nergie en (KW\/h):<\/label><br \/>\n<i class=\"material-icons prefix\">bolt<\/i><br \/>\n<span class=\"wpcf7-form-control-wrap\" data-name=\"estimation_chiffre\"><input class=\"wpcf7-form-control wpcf7-number wpcf7-validates-as-number\" id=\"estimation-chiffre\" aria-invalid=\"false\" value=\"\" type=\"number\" name=\"estimation_chiffre\" \/><\/span>\n\t<\/p>\n\t<p><label for=\"demande\">Votre Demande :<\/label><br \/>\n<span class=\"wpcf7-form-control-wrap\" data-name=\"demande\"><textarea cols=\"40\" rows=\"10\" maxlength=\"2000\" class=\"wpcf7-form-control wpcf7-textarea wpcf7-validates-as-required\" id=\"demande\" aria-required=\"true\" aria-invalid=\"false\" name=\"demande\"><\/textarea><\/span>\n\t<\/p>\n\t<p><label for=\"liste-deroulante\">S\u00e9lectionnez une option :<\/label><br \/>\n<span class=\"wpcf7-form-control-wrap\" data-name=\"liste_deroulante\"><select class=\"wpcf7-form-control wpcf7-select wpcf7-validates-as-required\" id=\"liste-deroulante\" aria-required=\"true\" aria-invalid=\"false\" name=\"liste_deroulante\"><option value=\"Connaissances, amis, famille\">Connaissances, amis, famille<\/option><option value=\"Flyer\">Flyer<\/option><option value=\"Recherche Google\">Recherche Google<\/option><option value=\"Linkedin\">Linkedin<\/option><option value=\"Facebook\">Facebook<\/option><option value=\"Membre de l&#039;\u00e9quipe\">Membre de l&#039;\u00e9quipe<\/option><option value=\"Autres\">Autres<\/option><\/select><\/span>\n\t<\/p>\n\t<p><input class=\"wpcf7-form-control wpcf7-submit has-spinner\" type=\"submit\" value=\"Envoyer\" \/>\n\t<\/p>\n\t<h3>\n\t<div class=\"wpcf7-response-output\" aria-hidden=\"true\"><\/div>\n\t<\/h3>\n<\/div>\n<\/form>\n<\/div>\n\n\n\n<\/div>\n\n\n\n<div class=\"wp-block-column is-layout-flow wp-block-column-is-layout-flow\" style=\"flex-basis:25%\"><\/div>\n<\/div>\n\n<div style=\"height:114px\" aria-hidden=\"true\" class=\"wp-block-spacer\"><\/div>\n","protected":false},"excerpt":{"rendered":"","protected":false},"author":10,"featured_media":3234,"parent":0,"menu_order":0,"comment_status":"closed","ping_status":"closed","template":"","meta":{"footnotes":""},"slider":[],"class_list":["post-3481","page","type-page","status-publish","has-post-thumbnail","hentry"],"_links":{"self":[{"href":"https:\/\/soltisfrance.com\/en\/wp-json\/wp\/v2\/pages\/3481","targetHints":{"allow":["GET"]}}],"collection":[{"href":"https:\/\/soltisfrance.com\/en\/wp-json\/wp\/v2\/pages"}],"about":[{"href":"https:\/\/soltisfrance.com\/en\/wp-json\/wp\/v2\/types\/page"}],"author":[{"embeddable":true,"href":"https:\/\/soltisfrance.com\/en\/wp-json\/wp\/v2\/users\/10"}],"replies":[{"embeddable":true,"href":"https:\/\/soltisfrance.com\/en\/wp-json\/wp\/v2\/comments?post=3481"}],"version-history":[{"count":6,"href":"https:\/\/soltisfrance.com\/en\/wp-json\/wp\/v2\/pages\/3481\/revisions"}],"predecessor-version":[{"id":3799,"href":"https:\/\/soltisfrance.com\/en\/wp-json\/wp\/v2\/pages\/3481\/revisions\/3799"}],"wp:featuredmedia":[{"embeddable":true,"href":"https:\/\/soltisfrance.com\/en\/wp-json\/wp\/v2\/media\/3234"}],"wp:attachment":[{"href":"https:\/\/soltisfrance.com\/en\/wp-json\/wp\/v2\/media?parent=3481"}],"wp:term":[{"taxonomy":"slider","embeddable":true,"href":"https:\/\/soltisfrance.com\/en\/wp-json\/wp\/v2\/slider?post=3481"}],"curies":[{"name":"wp","href":"https:\/\/api.w.org\/{rel}","templated":true}]}}